{"id":28884,"date":"2019-02-15T10:57:17","date_gmt":"2019-02-15T09:57:17","guid":{"rendered":"http:\/\/marleen-pekaar.at\/wp\/?page_id=28884"},"modified":"2020-09-10T21:11:06","modified_gmt":"2020-09-10T19:11:06","slug":"ganzheitliche-naturheiltherapeutin","status":"publish","type":"page","link":"https:\/\/marleen-pekaar.at\/wp\/ganzheitliche-naturheiltherapeutin\/","title":{"rendered":"Kinder Mentalcoach"},"content":{"rendered":"\n<p><br>Kids in Balance.<\/p>\n\n\n\n<p>Als gef\u00fchlsvolle Expertin f\u00fcr Lebensfreude, unterst\u00fctze ich Kinder dabei in ihre Kraft zu kommen und mutig ihren Lebensweg zu gehen. <\/p>\n\n\n\n<p>Als Kindercoach werde ich mit dir an einer gl\u00e4nzenden Zukunft arbeiten. Ich mache das mit viel Gef\u00fchl, einem weichen, aber kraftvollen Ansatz und vor allem viel Begeisterung. Wenn wir zusammenarbeiten, schaue ich mit scharfem Auge und gebe nicht auf, bis wir gemeinsam den Kern erreicht haben. Von hier aus k\u00f6nnen wir uns dann auf die Zukunft freuen. <\/p>\n\n\n\n<p>Wenn auch du m\u00f6chtest, mutig zu sein und deine Gef\u00fchlen zu folgen, kannst du in diesem Leben so viel erreichen. Greifst du mit nach den Sternen in eine gl\u00e4nzende Zukunft?<\/p>\n\n\n\n<p><\/p>\n","protected":false},"excerpt":{"rendered":"<p>Kids in Balance. Als gef\u00fchlsvolle Expertin f\u00fcr Lebensfreude, unterst\u00fctze ich Kinder dabei in ihre Kraft zu kommen und mutig ihren Lebensweg zu gehen. Als Kindercoach werde ich mit dir an einer gl\u00e4nzenden Zukunft arbeiten. Ich mache das mit viel Gef\u00fchl, einem weichen, aber kraftvollen Ansatz und vor allem viel Begeisterung. Wenn wir zusammenarbeiten, schaue ich mit scharfem Auge und gebe nicht auf, bis wir gemeinsam den Kern erreicht haben. Von hier aus k\u00f6nnen wir uns dann auf die Zukunft freuen. Wenn auch du m\u00f6chtest, mutig zu sein und deine Gef\u00fchlen zu folgen, kannst du in diesem Leben so viel erreichen. Greifst du mit nach den Sternen in eine gl\u00e4nzende Zukunft?<\/p>\n","protected":false},"author":1,"featured_media":0,"parent":0,"menu_order":0,"comment_status":"closed","ping_status":"closed","template":"","meta":{"footnotes":""},"class_list":["post-28884","page","type-page","status-publish","hentry"],"_links":{"self":[{"href":"https:\/\/marleen-pekaar.at\/wp\/wp-json\/wp\/v2\/pages\/28884","targetHints":{"allow":["GET"]}}],"collection":[{"href":"https:\/\/marleen-pekaar.at\/wp\/wp-json\/wp\/v2\/pages"}],"about":[{"href":"https:\/\/marleen-pekaar.at\/wp\/wp-json\/wp\/v2\/types\/page"}],"author":[{"embeddable":true,"href":"https:\/\/marleen-pekaar.at\/wp\/wp-json\/wp\/v2\/users\/1"}],"replies":[{"embeddable":true,"href":"https:\/\/marleen-pekaar.at\/wp\/wp-json\/wp\/v2\/comments?post=28884"}],"version-history":[{"count":8,"href":"https:\/\/marleen-pekaar.at\/wp\/wp-json\/wp\/v2\/pages\/28884\/revisions"}],"predecessor-version":[{"id":28944,"href":"https:\/\/marleen-pekaar.at\/wp\/wp-json\/wp\/v2\/pages\/28884\/revisions\/28944"}],"wp:attachment":[{"href":"https:\/\/marleen-pekaar.at\/wp\/wp-json\/wp\/v2\/media?parent=28884"}],"curies":[{"name":"wp","href":"https:\/\/api.w.org\/{rel}","templated":true}]}}